{"id":937,"date":"2023-01-02T12:08:46","date_gmt":"2023-01-02T12:08:46","guid":{"rendered":"https:\/\/dagabum.pl\/my-account\/"},"modified":"2023-01-02T12:08:46","modified_gmt":"2023-01-02T12:08:46","slug":"my-account","status":"publish","type":"page","link":"https:\/\/dagabum.pl\/en\/my-account\/","title":{"rendered":"My Account"},"content":{"rendered":"<div class=\"woocommerce ct-woo-unauthorized\"><\/div>\n","protected":false},"excerpt":{"rendered":"","protected":false},"author":1,"featured_media":0,"parent":0,"menu_order":0,"comment_status":"closed","ping_status":"closed","template":"","meta":{"footnotes":""},"class_list":["post-937","page","type-page","status-publish","hentry"],"blocksy_meta":{"styles_descriptor":{"styles":{"desktop":"","tablet":"","mobile":""},"google_fonts":[],"version":6}},"yoast_head":"<!-- This site is optimized with the Yoast SEO plugin v27.3 - https:\/\/yoast.com\/product\/yoast-seo-wordpress\/ -->\n<title>My Account - dagabum<\/title>\n<meta name=\"robots\" content=\"index, follow, max-snippet:-1, max-image-preview:large, max-video-preview:-1\" \/>\n<link rel=\"canonical\" href=\"https:\/\/dagabum.pl\/en\/my-account\/\" \/>\n<meta property=\"og:locale\" content=\"en_US\" \/>\n<meta property=\"og:type\" content=\"article\" \/>\n<meta property=\"og:title\" content=\"My Account - dagabum\" \/>\n<meta property=\"og:url\" content=\"https:\/\/dagabum.pl\/en\/my-account\/\" \/>\n<meta property=\"og:site_name\" content=\"dagabum\" \/>\n<meta property=\"article:publisher\" content=\"https:\/\/www.facebook.com\/dagabum\" \/>\n<meta property=\"og:image\" content=\"https:\/\/dagabum.pl\/wp-content\/uploads\/2022\/03\/hero-dagabum.jpg\" \/>\n\t<meta property=\"og:image:width\" content=\"2550\" \/>\n\t<meta property=\"og:image:height\" content=\"1450\" \/>\n\t<meta property=\"og:image:type\" content=\"image\/jpeg\" \/>\n<script type=\"application\/ld+json\" class=\"yoast-schema-graph\">{\"@context\":\"https:\\\/\\\/schema.org\",\"@graph\":[{\"@type\":\"WebPage\",\"@id\":\"https:\\\/\\\/dagabum.pl\\\/en\\\/my-account\\\/\",\"url\":\"https:\\\/\\\/dagabum.pl\\\/en\\\/my-account\\\/\",\"name\":\"My Account - dagabum\",\"isPartOf\":{\"@id\":\"https:\\\/\\\/dagabum.pl\\\/en\\\/#website\"},\"datePublished\":\"2023-01-02T12:08:46+00:00\",\"breadcrumb\":{\"@id\":\"https:\\\/\\\/dagabum.pl\\\/en\\\/my-account\\\/#breadcrumb\"},\"inLanguage\":\"en-US\",\"potentialAction\":[{\"@type\":\"ReadAction\",\"target\":[\"https:\\\/\\\/dagabum.pl\\\/en\\\/my-account\\\/\"]}]},{\"@type\":\"BreadcrumbList\",\"@id\":\"https:\\\/\\\/dagabum.pl\\\/en\\\/my-account\\\/#breadcrumb\",\"itemListElement\":[{\"@type\":\"ListItem\",\"position\":1,\"name\":\"Strona g\u0142\u00f3wna\",\"item\":\"https:\\\/\\\/dagabum.pl\\\/en\\\/\"},{\"@type\":\"ListItem\",\"position\":2,\"name\":\"My Account\"}]},{\"@type\":\"WebSite\",\"@id\":\"https:\\\/\\\/dagabum.pl\\\/en\\\/#website\",\"url\":\"https:\\\/\\\/dagabum.pl\\\/en\\\/\",\"name\":\"dagabum\",\"description\":\"Gara\u017cowa wytw\u00f3rnia toreb rowerowych i akcesori\u00f3w do bikepackingu.\",\"publisher\":{\"@id\":\"https:\\\/\\\/dagabum.pl\\\/en\\\/#organization\"},\"potentialAction\":[{\"@type\":\"SearchAction\",\"target\":{\"@type\":\"EntryPoint\",\"urlTemplate\":\"https:\\\/\\\/dagabum.pl\\\/en\\\/?s={search_term_string}\"},\"query-input\":{\"@type\":\"PropertyValueSpecification\",\"valueRequired\":true,\"valueName\":\"search_term_string\"}}],\"inLanguage\":\"en-US\"},{\"@type\":\"Organization\",\"@id\":\"https:\\\/\\\/dagabum.pl\\\/en\\\/#organization\",\"name\":\"dagabum - Gara\u017cowa wytw\u00f3rnia toreb rowerowych i akcesori\u00f3w do bikepackingu.\",\"url\":\"https:\\\/\\\/dagabum.pl\\\/en\\\/\",\"logo\":{\"@type\":\"ImageObject\",\"inLanguage\":\"en-US\",\"@id\":\"https:\\\/\\\/dagabum.pl\\\/en\\\/#\\\/schema\\\/logo\\\/image\\\/\",\"url\":\"https:\\\/\\\/dagabum.pl\\\/wp-content\\\/uploads\\\/2022\\\/03\\\/dagabum_LOGO_JASNE_TLO.png\",\"contentUrl\":\"https:\\\/\\\/dagabum.pl\\\/wp-content\\\/uploads\\\/2022\\\/03\\\/dagabum_LOGO_JASNE_TLO.png\",\"width\":2480,\"height\":2480,\"caption\":\"dagabum - Gara\u017cowa wytw\u00f3rnia toreb rowerowych i akcesori\u00f3w do bikepackingu.\"},\"image\":{\"@id\":\"https:\\\/\\\/dagabum.pl\\\/en\\\/#\\\/schema\\\/logo\\\/image\\\/\"},\"sameAs\":[\"https:\\\/\\\/www.facebook.com\\\/dagabum\",\"https:\\\/\\\/www.instagram.com\\\/dagabumpl\"]}]}<\/script>\n<!-- \/ Yoast SEO plugin. -->","yoast_head_json":{"title":"My Account - dagabum","robots":{"index":"index","follow":"follow","max-snippet":"max-snippet:-1","max-image-preview":"max-image-preview:large","max-video-preview":"max-video-preview:-1"},"canonical":"https:\/\/dagabum.pl\/en\/my-account\/","og_locale":"en_US","og_type":"article","og_title":"My Account - dagabum","og_url":"https:\/\/dagabum.pl\/en\/my-account\/","og_site_name":"dagabum","article_publisher":"https:\/\/www.facebook.com\/dagabum","og_image":[{"width":2550,"height":1450,"url":"https:\/\/dagabum.pl\/wp-content\/uploads\/2022\/03\/hero-dagabum.jpg","type":"image\/jpeg"}],"schema":{"@context":"https:\/\/schema.org","@graph":[{"@type":"WebPage","@id":"https:\/\/dagabum.pl\/en\/my-account\/","url":"https:\/\/dagabum.pl\/en\/my-account\/","name":"My Account - dagabum","isPartOf":{"@id":"https:\/\/dagabum.pl\/en\/#website"},"datePublished":"2023-01-02T12:08:46+00:00","breadcrumb":{"@id":"https:\/\/dagabum.pl\/en\/my-account\/#breadcrumb"},"inLanguage":"en-US","potentialAction":[{"@type":"ReadAction","target":["https:\/\/dagabum.pl\/en\/my-account\/"]}]},{"@type":"BreadcrumbList","@id":"https:\/\/dagabum.pl\/en\/my-account\/#breadcrumb","itemListElement":[{"@type":"ListItem","position":1,"name":"Strona g\u0142\u00f3wna","item":"https:\/\/dagabum.pl\/en\/"},{"@type":"ListItem","position":2,"name":"My Account"}]},{"@type":"WebSite","@id":"https:\/\/dagabum.pl\/en\/#website","url":"https:\/\/dagabum.pl\/en\/","name":"dagabum","description":"Gara\u017cowa wytw\u00f3rnia toreb rowerowych i akcesori\u00f3w do bikepackingu.","publisher":{"@id":"https:\/\/dagabum.pl\/en\/#organization"},"potentialAction":[{"@type":"SearchAction","target":{"@type":"EntryPoint","urlTemplate":"https:\/\/dagabum.pl\/en\/?s={search_term_string}"},"query-input":{"@type":"PropertyValueSpecification","valueRequired":true,"valueName":"search_term_string"}}],"inLanguage":"en-US"},{"@type":"Organization","@id":"https:\/\/dagabum.pl\/en\/#organization","name":"dagabum - Gara\u017cowa wytw\u00f3rnia toreb rowerowych i akcesori\u00f3w do bikepackingu.","url":"https:\/\/dagabum.pl\/en\/","logo":{"@type":"ImageObject","inLanguage":"en-US","@id":"https:\/\/dagabum.pl\/en\/#\/schema\/logo\/image\/","url":"https:\/\/dagabum.pl\/wp-content\/uploads\/2022\/03\/dagabum_LOGO_JASNE_TLO.png","contentUrl":"https:\/\/dagabum.pl\/wp-content\/uploads\/2022\/03\/dagabum_LOGO_JASNE_TLO.png","width":2480,"height":2480,"caption":"dagabum - Gara\u017cowa wytw\u00f3rnia toreb rowerowych i akcesori\u00f3w do bikepackingu."},"image":{"@id":"https:\/\/dagabum.pl\/en\/#\/schema\/logo\/image\/"},"sameAs":["https:\/\/www.facebook.com\/dagabum","https:\/\/www.instagram.com\/dagabumpl"]}]}},"_links":{"self":[{"href":"https:\/\/dagabum.pl\/en\/wp-json\/wp\/v2\/pages\/937","targetHints":{"allow":["GET"]}}],"collection":[{"href":"https:\/\/dagabum.pl\/en\/wp-json\/wp\/v2\/pages"}],"about":[{"href":"https:\/\/dagabum.pl\/en\/wp-json\/wp\/v2\/types\/page"}],"author":[{"embeddable":true,"href":"https:\/\/dagabum.pl\/en\/wp-json\/wp\/v2\/users\/1"}],"replies":[{"embeddable":true,"href":"https:\/\/dagabum.pl\/en\/wp-json\/wp\/v2\/comments?post=937"}],"version-history":[{"count":0,"href":"https:\/\/dagabum.pl\/en\/wp-json\/wp\/v2\/pages\/937\/revisions"}],"wp:attachment":[{"href":"https:\/\/dagabum.pl\/en\/wp-json\/wp\/v2\/media?parent=937"}],"curies":[{"name":"wp","href":"https:\/\/api.w.org\/{rel}","templated":true}]}}