{"id":1266,"date":"2022-03-24T12:54:16","date_gmt":"2022-03-24T12:54:16","guid":{"rendered":"https:\/\/dagabum.pl\/produkt\/koszyk-dagabum\/"},"modified":"2024-03-17T12:59:21","modified_gmt":"2024-03-17T12:59:21","slug":"dagabum-cage-one-piece-2","status":"publish","type":"product","link":"https:\/\/dagabum.pl\/en\/product\/dagabum-cage-one-piece-2\/","title":{"rendered":"Dagabum cage (one piece)"},"content":{"rendered":"","protected":false},"excerpt":{"rendered":"<p>The Dagabum cage is a minimalist &#8220;anything cage&#8221; type rack, designed to be mounted on the front fork. Its slim shape also allows it to be attached to a frame. Dagabum cage is a platform for stable transportation of cargo with a maximum weight of 2kg and a maximum circumference of 46-48cm. The cage is made of laser-cut aluminum. has been powder-coated.<\/p>\n<p>Mounting with either two or three screws<\/p>\n<p>A PET G plastic module is added to the basket. screwed at the bottom, it significantly increases the support surface of the bag and stiffens the whole structure. The module was printed on a 3d printer.<\/p>\n<p><strong>Dagabum Cage comes with two 65cm long transport straps and 3d printed (PETG) support extension module<br \/>\n<\/strong><\/p>\n<p>&nbsp;<\/p>\n<p>The basket is best used together with a fork bag, which can be purchased separately.<\/p>\n<p>Made in Poland<\/p>\n","protected":false},"featured_media":974,"template":"","meta":[],"product_brand":[],"product_cat":[41],"product_tag":[],"class_list":{"0":"post-1266","1":"product","2":"type-product","3":"status-publish","4":"has-post-thumbnail","6":"product_cat-cage","8":"first","9":"instock","10":"shipping-taxable","11":"purchasable","12":"product-type-variable"},"yoast_head":"<!-- This site is optimized with the Yoast SEO plugin v27.3 - https:\/\/yoast.com\/product\/yoast-seo-wordpress\/ -->\n<title>Dagabum cage (one piece) - dagabum<\/title>\n<meta name=\"robots\" content=\"index, follow, max-snippet:-1, max-image-preview:large, max-video-preview:-1\" \/>\n<link rel=\"canonical\" href=\"https:\/\/dagabum.pl\/en\/product\/dagabum-cage-one-piece-2\/\" \/>\n<meta property=\"og:locale\" content=\"en_US\" \/>\n<meta property=\"og:type\" content=\"article\" \/>\n<meta property=\"og:title\" content=\"Dagabum cage (one piece) - dagabum\" \/>\n<meta property=\"og:description\" content=\"The Dagabum cage is a minimalist &quot;anything cage&quot; type rack, designed to be mounted on the front fork. Its slim shape also allows it to be attached to a frame. Dagabum cage is a platform for stable transportation of cargo with a maximum weight of 2kg and a maximum circumference of 46-48cm. The cage is made of laser-cut aluminum. has been powder-coated.  Mounting with either two or three screws  A PET G plastic module is added to the basket. screwed at the bottom, it significantly increases the support surface of the bag and stiffens the whole structure. The module was printed on a 3d printer.  Dagabum Cage comes with two 65cm long transport straps and 3d printed (PETG) support extension module   &nbsp;  The basket is best used together with a fork bag, which can be purchased separately.  Made in Poland\" \/>\n<meta property=\"og:url\" content=\"https:\/\/dagabum.pl\/en\/product\/dagabum-cage-one-piece-2\/\" \/>\n<meta property=\"og:site_name\" content=\"dagabum\" \/>\n<meta property=\"article:publisher\" content=\"https:\/\/www.facebook.com\/dagabum\" \/>\n<meta property=\"article:modified_time\" content=\"2024-03-17T12:59:21+00:00\" \/>\n<meta property=\"og:image\" content=\"https:\/\/dagabum.pl\/wp-content\/uploads\/2022\/03\/dagabum-uchwyt_duzy_1.jpg\" \/>\n\t<meta property=\"og:image:width\" content=\"630\" \/>\n\t<meta property=\"og:image:height\" content=\"660\" \/>\n\t<meta property=\"og:image:type\" content=\"image\/jpeg\" \/>\n<script type=\"application\/ld+json\" class=\"yoast-schema-graph\">{\"@context\":\"https:\\\/\\\/schema.org\",\"@graph\":[{\"@type\":\"WebPage\",\"@id\":\"https:\\\/\\\/dagabum.pl\\\/en\\\/product\\\/dagabum-cage-one-piece-2\\\/\",\"url\":\"https:\\\/\\\/dagabum.pl\\\/en\\\/product\\\/dagabum-cage-one-piece-2\\\/\",\"name\":\"Dagabum cage (one piece) - dagabum\",\"isPartOf\":{\"@id\":\"https:\\\/\\\/dagabum.pl\\\/en\\\/#website\"},\"primaryImageOfPage\":{\"@id\":\"https:\\\/\\\/dagabum.pl\\\/en\\\/product\\\/dagabum-cage-one-piece-2\\\/#primaryimage\"},\"image\":{\"@id\":\"https:\\\/\\\/dagabum.pl\\\/en\\\/product\\\/dagabum-cage-one-piece-2\\\/#primaryimage\"},\"thumbnailUrl\":\"https:\\\/\\\/dagabum.pl\\\/wp-content\\\/uploads\\\/2022\\\/03\\\/dagabum-uchwyt_duzy_1.jpg\",\"datePublished\":\"2022-03-24T12:54:16+00:00\",\"dateModified\":\"2024-03-17T12:59:21+00:00\",\"breadcrumb\":{\"@id\":\"https:\\\/\\\/dagabum.pl\\\/en\\\/product\\\/dagabum-cage-one-piece-2\\\/#breadcrumb\"},\"inLanguage\":\"en-US\",\"potentialAction\":[{\"@type\":\"ReadAction\",\"target\":[\"https:\\\/\\\/dagabum.pl\\\/en\\\/product\\\/dagabum-cage-one-piece-2\\\/\"]}]},{\"@type\":\"ImageObject\",\"inLanguage\":\"en-US\",\"@id\":\"https:\\\/\\\/dagabum.pl\\\/en\\\/product\\\/dagabum-cage-one-piece-2\\\/#primaryimage\",\"url\":\"https:\\\/\\\/dagabum.pl\\\/wp-content\\\/uploads\\\/2022\\\/03\\\/dagabum-uchwyt_duzy_1.jpg\",\"contentUrl\":\"https:\\\/\\\/dagabum.pl\\\/wp-content\\\/uploads\\\/2022\\\/03\\\/dagabum-uchwyt_duzy_1.jpg\",\"width\":630,\"height\":660,\"caption\":\"Dagabum bicycle cage\"},{\"@type\":\"BreadcrumbList\",\"@id\":\"https:\\\/\\\/dagabum.pl\\\/en\\\/product\\\/dagabum-cage-one-piece-2\\\/#breadcrumb\",\"itemListElement\":[{\"@type\":\"ListItem\",\"position\":1,\"name\":\"Strona g\u0142\u00f3wna\",\"item\":\"https:\\\/\\\/dagabum.pl\\\/en\\\/\"},{\"@type\":\"ListItem\",\"position\":2,\"name\":\"Products\",\"item\":\"https:\\\/\\\/dagabum.pl\\\/en\\\/products\\\/\"},{\"@type\":\"ListItem\",\"position\":3,\"name\":\"Dagabum cage (one piece)\"}]},{\"@type\":\"WebSite\",\"@id\":\"https:\\\/\\\/dagabum.pl\\\/en\\\/#website\",\"url\":\"https:\\\/\\\/dagabum.pl\\\/en\\\/\",\"name\":\"dagabum\",\"description\":\"Gara\u017cowa wytw\u00f3rnia toreb rowerowych i akcesori\u00f3w do bikepackingu.\",\"publisher\":{\"@id\":\"https:\\\/\\\/dagabum.pl\\\/en\\\/#organization\"},\"potentialAction\":[{\"@type\":\"SearchAction\",\"target\":{\"@type\":\"EntryPoint\",\"urlTemplate\":\"https:\\\/\\\/dagabum.pl\\\/en\\\/?s={search_term_string}\"},\"query-input\":{\"@type\":\"PropertyValueSpecification\",\"valueRequired\":true,\"valueName\":\"search_term_string\"}}],\"inLanguage\":\"en-US\"},{\"@type\":\"Organization\",\"@id\":\"https:\\\/\\\/dagabum.pl\\\/en\\\/#organization\",\"name\":\"dagabum - Gara\u017cowa wytw\u00f3rnia toreb rowerowych i akcesori\u00f3w do bikepackingu.\",\"url\":\"https:\\\/\\\/dagabum.pl\\\/en\\\/\",\"logo\":{\"@type\":\"ImageObject\",\"inLanguage\":\"en-US\",\"@id\":\"https:\\\/\\\/dagabum.pl\\\/en\\\/#\\\/schema\\\/logo\\\/image\\\/\",\"url\":\"https:\\\/\\\/dagabum.pl\\\/wp-content\\\/uploads\\\/2022\\\/03\\\/dagabum_LOGO_JASNE_TLO.png\",\"contentUrl\":\"https:\\\/\\\/dagabum.pl\\\/wp-content\\\/uploads\\\/2022\\\/03\\\/dagabum_LOGO_JASNE_TLO.png\",\"width\":2480,\"height\":2480,\"caption\":\"dagabum - Gara\u017cowa wytw\u00f3rnia toreb rowerowych i akcesori\u00f3w do bikepackingu.\"},\"image\":{\"@id\":\"https:\\\/\\\/dagabum.pl\\\/en\\\/#\\\/schema\\\/logo\\\/image\\\/\"},\"sameAs\":[\"https:\\\/\\\/www.facebook.com\\\/dagabum\",\"https:\\\/\\\/www.instagram.com\\\/dagabumpl\"]}]}<\/script>\n<!-- \/ Yoast SEO plugin. -->","yoast_head_json":{"title":"Dagabum cage (one piece) - dagabum","robots":{"index":"index","follow":"follow","max-snippet":"max-snippet:-1","max-image-preview":"max-image-preview:large","max-video-preview":"max-video-preview:-1"},"canonical":"https:\/\/dagabum.pl\/en\/product\/dagabum-cage-one-piece-2\/","og_locale":"en_US","og_type":"article","og_title":"Dagabum cage (one piece) - dagabum","og_description":"The Dagabum cage is a minimalist \"anything cage\" type rack, designed to be mounted on the front fork. Its slim shape also allows it to be attached to a frame. Dagabum cage is a platform for stable transportation of cargo with a maximum weight of 2kg and a maximum circumference of 46-48cm. The cage is made of laser-cut aluminum. has been powder-coated.  Mounting with either two or three screws  A PET G plastic module is added to the basket. screwed at the bottom, it significantly increases the support surface of the bag and stiffens the whole structure. The module was printed on a 3d printer.  Dagabum Cage comes with two 65cm long transport straps and 3d printed (PETG) support extension module   &nbsp;  The basket is best used together with a fork bag, which can be purchased separately.  Made in Poland","og_url":"https:\/\/dagabum.pl\/en\/product\/dagabum-cage-one-piece-2\/","og_site_name":"dagabum","article_publisher":"https:\/\/www.facebook.com\/dagabum","article_modified_time":"2024-03-17T12:59:21+00:00","og_image":[{"width":630,"height":660,"url":"https:\/\/dagabum.pl\/wp-content\/uploads\/2022\/03\/dagabum-uchwyt_duzy_1.jpg","type":"image\/jpeg"}],"schema":{"@context":"https:\/\/schema.org","@graph":[{"@type":"WebPage","@id":"https:\/\/dagabum.pl\/en\/product\/dagabum-cage-one-piece-2\/","url":"https:\/\/dagabum.pl\/en\/product\/dagabum-cage-one-piece-2\/","name":"Dagabum cage (one piece) - dagabum","isPartOf":{"@id":"https:\/\/dagabum.pl\/en\/#website"},"primaryImageOfPage":{"@id":"https:\/\/dagabum.pl\/en\/product\/dagabum-cage-one-piece-2\/#primaryimage"},"image":{"@id":"https:\/\/dagabum.pl\/en\/product\/dagabum-cage-one-piece-2\/#primaryimage"},"thumbnailUrl":"https:\/\/dagabum.pl\/wp-content\/uploads\/2022\/03\/dagabum-uchwyt_duzy_1.jpg","datePublished":"2022-03-24T12:54:16+00:00","dateModified":"2024-03-17T12:59:21+00:00","breadcrumb":{"@id":"https:\/\/dagabum.pl\/en\/product\/dagabum-cage-one-piece-2\/#breadcrumb"},"inLanguage":"en-US","potentialAction":[{"@type":"ReadAction","target":["https:\/\/dagabum.pl\/en\/product\/dagabum-cage-one-piece-2\/"]}]},{"@type":"ImageObject","inLanguage":"en-US","@id":"https:\/\/dagabum.pl\/en\/product\/dagabum-cage-one-piece-2\/#primaryimage","url":"https:\/\/dagabum.pl\/wp-content\/uploads\/2022\/03\/dagabum-uchwyt_duzy_1.jpg","contentUrl":"https:\/\/dagabum.pl\/wp-content\/uploads\/2022\/03\/dagabum-uchwyt_duzy_1.jpg","width":630,"height":660,"caption":"Dagabum bicycle cage"},{"@type":"BreadcrumbList","@id":"https:\/\/dagabum.pl\/en\/product\/dagabum-cage-one-piece-2\/#breadcrumb","itemListElement":[{"@type":"ListItem","position":1,"name":"Strona g\u0142\u00f3wna","item":"https:\/\/dagabum.pl\/en\/"},{"@type":"ListItem","position":2,"name":"Products","item":"https:\/\/dagabum.pl\/en\/products\/"},{"@type":"ListItem","position":3,"name":"Dagabum cage (one piece)"}]},{"@type":"WebSite","@id":"https:\/\/dagabum.pl\/en\/#website","url":"https:\/\/dagabum.pl\/en\/","name":"dagabum","description":"Gara\u017cowa wytw\u00f3rnia toreb rowerowych i akcesori\u00f3w do bikepackingu.","publisher":{"@id":"https:\/\/dagabum.pl\/en\/#organization"},"potentialAction":[{"@type":"SearchAction","target":{"@type":"EntryPoint","urlTemplate":"https:\/\/dagabum.pl\/en\/?s={search_term_string}"},"query-input":{"@type":"PropertyValueSpecification","valueRequired":true,"valueName":"search_term_string"}}],"inLanguage":"en-US"},{"@type":"Organization","@id":"https:\/\/dagabum.pl\/en\/#organization","name":"dagabum - Gara\u017cowa wytw\u00f3rnia toreb rowerowych i akcesori\u00f3w do bikepackingu.","url":"https:\/\/dagabum.pl\/en\/","logo":{"@type":"ImageObject","inLanguage":"en-US","@id":"https:\/\/dagabum.pl\/en\/#\/schema\/logo\/image\/","url":"https:\/\/dagabum.pl\/wp-content\/uploads\/2022\/03\/dagabum_LOGO_JASNE_TLO.png","contentUrl":"https:\/\/dagabum.pl\/wp-content\/uploads\/2022\/03\/dagabum_LOGO_JASNE_TLO.png","width":2480,"height":2480,"caption":"dagabum - Gara\u017cowa wytw\u00f3rnia toreb rowerowych i akcesori\u00f3w do bikepackingu."},"image":{"@id":"https:\/\/dagabum.pl\/en\/#\/schema\/logo\/image\/"},"sameAs":["https:\/\/www.facebook.com\/dagabum","https:\/\/www.instagram.com\/dagabumpl"]}]}},"_links":{"self":[{"href":"https:\/\/dagabum.pl\/en\/wp-json\/wp\/v2\/product\/1266","targetHints":{"allow":["GET"]}}],"collection":[{"href":"https:\/\/dagabum.pl\/en\/wp-json\/wp\/v2\/product"}],"about":[{"href":"https:\/\/dagabum.pl\/en\/wp-json\/wp\/v2\/types\/product"}],"wp:featuredmedia":[{"embeddable":true,"href":"https:\/\/dagabum.pl\/en\/wp-json\/wp\/v2\/media\/974"}],"wp:attachment":[{"href":"https:\/\/dagabum.pl\/en\/wp-json\/wp\/v2\/media?parent=1266"}],"wp:term":[{"taxonomy":"product_brand","embeddable":true,"href":"https:\/\/dagabum.pl\/en\/wp-json\/wp\/v2\/product_brand?post=1266"},{"taxonomy":"product_cat","embeddable":true,"href":"https:\/\/dagabum.pl\/en\/wp-json\/wp\/v2\/product_cat?post=1266"},{"taxonomy":"product_tag","embeddable":true,"href":"https:\/\/dagabum.pl\/en\/wp-json\/wp\/v2\/product_tag?post=1266"}],"curies":[{"name":"wp","href":"https:\/\/api.w.org\/{rel}","templated":true}]}}