{"id":989,"date":"2022-04-22T15:40:09","date_gmt":"2022-04-22T15:40:09","guid":{"rendered":"https:\/\/dagabum.pl\/produkt\/strap-anchor-dagabum-mini-2szt\/"},"modified":"2023-01-28T10:45:19","modified_gmt":"2023-01-28T10:45:19","slug":"strap-anchor-dagabum-mini-2pcs-2","status":"publish","type":"product","link":"https:\/\/dagabum.pl\/en\/product\/strap-anchor-dagabum-mini-2pcs-2\/","title":{"rendered":"Strap anchor Dagabum Mini (2pcs) without additional accessories."},"content":{"rendered":"","protected":false},"excerpt":{"rendered":"<p>Strap anchor Dagabum Mini is a minimalist bracket that you can attach to the frame, fork or handlebar. Two brackets create a platform for stable mounting of luggage \/ bags, the weight of which does not exceed 1 kg, and the circumference is 46-48 cm. Brackets are sold in pairs.<\/p>\n<p><strong>This offer applies to the plates and screws only. You can find a set with transport straps on another subpage.<\/strong><\/p>\n<p>&nbsp;<\/p>\n<p>Made in Poland<\/p>\n","protected":false},"featured_media":990,"template":"","meta":[],"product_brand":[],"product_cat":[41],"product_tag":[],"class_list":{"0":"post-989","1":"product","2":"type-product","3":"status-publish","4":"has-post-thumbnail","6":"product_cat-cage","8":"first","9":"instock","10":"shipping-taxable","11":"purchasable","12":"product-type-simple"},"yoast_head":"<!-- This site is optimized with the Yoast SEO plugin v27.3 - https:\/\/yoast.com\/product\/yoast-seo-wordpress\/ -->\n<title>Strap anchor Dagabum Mini (2pcs) without additional accessories. - dagabum<\/title>\n<meta name=\"robots\" content=\"index, follow, max-snippet:-1, max-image-preview:large, max-video-preview:-1\" \/>\n<link rel=\"canonical\" href=\"https:\/\/dagabum.pl\/en\/product\/strap-anchor-dagabum-mini-2pcs-2\/\" \/>\n<meta property=\"og:locale\" content=\"en_US\" \/>\n<meta property=\"og:type\" content=\"article\" \/>\n<meta property=\"og:title\" content=\"Strap anchor Dagabum Mini (2pcs) without additional accessories. - dagabum\" \/>\n<meta property=\"og:description\" content=\"Strap anchor Dagabum Mini is a minimalist bracket that you can attach to the frame, fork or handlebar. Two brackets create a platform for stable mounting of luggage \/ bags, the weight of which does not exceed 1 kg, and the circumference is 46-48 cm. Brackets are sold in pairs.  This offer applies to the plates and screws only. You can find a set with transport straps on another subpage.  &nbsp;  Made in Poland\" \/>\n<meta property=\"og:url\" content=\"https:\/\/dagabum.pl\/en\/product\/strap-anchor-dagabum-mini-2pcs-2\/\" \/>\n<meta property=\"og:site_name\" content=\"dagabum\" \/>\n<meta property=\"article:publisher\" content=\"https:\/\/www.facebook.com\/dagabum\" \/>\n<meta property=\"article:modified_time\" content=\"2023-01-28T10:45:19+00:00\" \/>\n<meta property=\"og:image\" content=\"https:\/\/dagabum.pl\/wp-content\/uploads\/2022\/03\/dagabum-uchwyt-mini_1-1.jpg\" \/>\n\t<meta property=\"og:image:width\" content=\"630\" \/>\n\t<meta property=\"og:image:height\" content=\"660\" \/>\n\t<meta property=\"og:image:type\" content=\"image\/jpeg\" \/>\n<script type=\"application\/ld+json\" class=\"yoast-schema-graph\">{\"@context\":\"https:\\\/\\\/schema.org\",\"@graph\":[{\"@type\":\"WebPage\",\"@id\":\"https:\\\/\\\/dagabum.pl\\\/en\\\/product\\\/strap-anchor-dagabum-mini-2pcs-2\\\/\",\"url\":\"https:\\\/\\\/dagabum.pl\\\/en\\\/product\\\/strap-anchor-dagabum-mini-2pcs-2\\\/\",\"name\":\"Strap anchor Dagabum Mini (2pcs) without additional accessories. - dagabum\",\"isPartOf\":{\"@id\":\"https:\\\/\\\/dagabum.pl\\\/en\\\/#website\"},\"primaryImageOfPage\":{\"@id\":\"https:\\\/\\\/dagabum.pl\\\/en\\\/product\\\/strap-anchor-dagabum-mini-2pcs-2\\\/#primaryimage\"},\"image\":{\"@id\":\"https:\\\/\\\/dagabum.pl\\\/en\\\/product\\\/strap-anchor-dagabum-mini-2pcs-2\\\/#primaryimage\"},\"thumbnailUrl\":\"https:\\\/\\\/dagabum.pl\\\/wp-content\\\/uploads\\\/2022\\\/03\\\/dagabum-uchwyt-mini_1-1.jpg\",\"datePublished\":\"2022-04-22T15:40:09+00:00\",\"dateModified\":\"2023-01-28T10:45:19+00:00\",\"breadcrumb\":{\"@id\":\"https:\\\/\\\/dagabum.pl\\\/en\\\/product\\\/strap-anchor-dagabum-mini-2pcs-2\\\/#breadcrumb\"},\"inLanguage\":\"en-US\",\"potentialAction\":[{\"@type\":\"ReadAction\",\"target\":[\"https:\\\/\\\/dagabum.pl\\\/en\\\/product\\\/strap-anchor-dagabum-mini-2pcs-2\\\/\"]}]},{\"@type\":\"ImageObject\",\"inLanguage\":\"en-US\",\"@id\":\"https:\\\/\\\/dagabum.pl\\\/en\\\/product\\\/strap-anchor-dagabum-mini-2pcs-2\\\/#primaryimage\",\"url\":\"https:\\\/\\\/dagabum.pl\\\/wp-content\\\/uploads\\\/2022\\\/03\\\/dagabum-uchwyt-mini_1-1.jpg\",\"contentUrl\":\"https:\\\/\\\/dagabum.pl\\\/wp-content\\\/uploads\\\/2022\\\/03\\\/dagabum-uchwyt-mini_1-1.jpg\",\"width\":630,\"height\":660,\"caption\":\"Uchwyt do paska transportowego Dagabum Mini\"},{\"@type\":\"BreadcrumbList\",\"@id\":\"https:\\\/\\\/dagabum.pl\\\/en\\\/product\\\/strap-anchor-dagabum-mini-2pcs-2\\\/#breadcrumb\",\"itemListElement\":[{\"@type\":\"ListItem\",\"position\":1,\"name\":\"Strona g\u0142\u00f3wna\",\"item\":\"https:\\\/\\\/dagabum.pl\\\/en\\\/\"},{\"@type\":\"ListItem\",\"position\":2,\"name\":\"Products\",\"item\":\"https:\\\/\\\/dagabum.pl\\\/en\\\/products\\\/\"},{\"@type\":\"ListItem\",\"position\":3,\"name\":\"Strap anchor Dagabum Mini (2pcs) without additional accessories.\"}]},{\"@type\":\"WebSite\",\"@id\":\"https:\\\/\\\/dagabum.pl\\\/en\\\/#website\",\"url\":\"https:\\\/\\\/dagabum.pl\\\/en\\\/\",\"name\":\"dagabum\",\"description\":\"Gara\u017cowa wytw\u00f3rnia toreb rowerowych i akcesori\u00f3w do bikepackingu.\",\"publisher\":{\"@id\":\"https:\\\/\\\/dagabum.pl\\\/en\\\/#organization\"},\"potentialAction\":[{\"@type\":\"SearchAction\",\"target\":{\"@type\":\"EntryPoint\",\"urlTemplate\":\"https:\\\/\\\/dagabum.pl\\\/en\\\/?s={search_term_string}\"},\"query-input\":{\"@type\":\"PropertyValueSpecification\",\"valueRequired\":true,\"valueName\":\"search_term_string\"}}],\"inLanguage\":\"en-US\"},{\"@type\":\"Organization\",\"@id\":\"https:\\\/\\\/dagabum.pl\\\/en\\\/#organization\",\"name\":\"dagabum - Gara\u017cowa wytw\u00f3rnia toreb rowerowych i akcesori\u00f3w do bikepackingu.\",\"url\":\"https:\\\/\\\/dagabum.pl\\\/en\\\/\",\"logo\":{\"@type\":\"ImageObject\",\"inLanguage\":\"en-US\",\"@id\":\"https:\\\/\\\/dagabum.pl\\\/en\\\/#\\\/schema\\\/logo\\\/image\\\/\",\"url\":\"https:\\\/\\\/dagabum.pl\\\/wp-content\\\/uploads\\\/2022\\\/03\\\/dagabum_LOGO_JASNE_TLO.png\",\"contentUrl\":\"https:\\\/\\\/dagabum.pl\\\/wp-content\\\/uploads\\\/2022\\\/03\\\/dagabum_LOGO_JASNE_TLO.png\",\"width\":2480,\"height\":2480,\"caption\":\"dagabum - Gara\u017cowa wytw\u00f3rnia toreb rowerowych i akcesori\u00f3w do bikepackingu.\"},\"image\":{\"@id\":\"https:\\\/\\\/dagabum.pl\\\/en\\\/#\\\/schema\\\/logo\\\/image\\\/\"},\"sameAs\":[\"https:\\\/\\\/www.facebook.com\\\/dagabum\",\"https:\\\/\\\/www.instagram.com\\\/dagabumpl\"]}]}<\/script>\n<!-- \/ Yoast SEO plugin. -->","yoast_head_json":{"title":"Strap anchor Dagabum Mini (2pcs) without additional accessories. - dagabum","robots":{"index":"index","follow":"follow","max-snippet":"max-snippet:-1","max-image-preview":"max-image-preview:large","max-video-preview":"max-video-preview:-1"},"canonical":"https:\/\/dagabum.pl\/en\/product\/strap-anchor-dagabum-mini-2pcs-2\/","og_locale":"en_US","og_type":"article","og_title":"Strap anchor Dagabum Mini (2pcs) without additional accessories. - dagabum","og_description":"Strap anchor Dagabum Mini is a minimalist bracket that you can attach to the frame, fork or handlebar. Two brackets create a platform for stable mounting of luggage \/ bags, the weight of which does not exceed 1 kg, and the circumference is 46-48 cm. Brackets are sold in pairs.  This offer applies to the plates and screws only. You can find a set with transport straps on another subpage.  &nbsp;  Made in Poland","og_url":"https:\/\/dagabum.pl\/en\/product\/strap-anchor-dagabum-mini-2pcs-2\/","og_site_name":"dagabum","article_publisher":"https:\/\/www.facebook.com\/dagabum","article_modified_time":"2023-01-28T10:45:19+00:00","og_image":[{"width":630,"height":660,"url":"https:\/\/dagabum.pl\/wp-content\/uploads\/2022\/03\/dagabum-uchwyt-mini_1-1.jpg","type":"image\/jpeg"}],"schema":{"@context":"https:\/\/schema.org","@graph":[{"@type":"WebPage","@id":"https:\/\/dagabum.pl\/en\/product\/strap-anchor-dagabum-mini-2pcs-2\/","url":"https:\/\/dagabum.pl\/en\/product\/strap-anchor-dagabum-mini-2pcs-2\/","name":"Strap anchor Dagabum Mini (2pcs) without additional accessories. - dagabum","isPartOf":{"@id":"https:\/\/dagabum.pl\/en\/#website"},"primaryImageOfPage":{"@id":"https:\/\/dagabum.pl\/en\/product\/strap-anchor-dagabum-mini-2pcs-2\/#primaryimage"},"image":{"@id":"https:\/\/dagabum.pl\/en\/product\/strap-anchor-dagabum-mini-2pcs-2\/#primaryimage"},"thumbnailUrl":"https:\/\/dagabum.pl\/wp-content\/uploads\/2022\/03\/dagabum-uchwyt-mini_1-1.jpg","datePublished":"2022-04-22T15:40:09+00:00","dateModified":"2023-01-28T10:45:19+00:00","breadcrumb":{"@id":"https:\/\/dagabum.pl\/en\/product\/strap-anchor-dagabum-mini-2pcs-2\/#breadcrumb"},"inLanguage":"en-US","potentialAction":[{"@type":"ReadAction","target":["https:\/\/dagabum.pl\/en\/product\/strap-anchor-dagabum-mini-2pcs-2\/"]}]},{"@type":"ImageObject","inLanguage":"en-US","@id":"https:\/\/dagabum.pl\/en\/product\/strap-anchor-dagabum-mini-2pcs-2\/#primaryimage","url":"https:\/\/dagabum.pl\/wp-content\/uploads\/2022\/03\/dagabum-uchwyt-mini_1-1.jpg","contentUrl":"https:\/\/dagabum.pl\/wp-content\/uploads\/2022\/03\/dagabum-uchwyt-mini_1-1.jpg","width":630,"height":660,"caption":"Uchwyt do paska transportowego Dagabum Mini"},{"@type":"BreadcrumbList","@id":"https:\/\/dagabum.pl\/en\/product\/strap-anchor-dagabum-mini-2pcs-2\/#breadcrumb","itemListElement":[{"@type":"ListItem","position":1,"name":"Strona g\u0142\u00f3wna","item":"https:\/\/dagabum.pl\/en\/"},{"@type":"ListItem","position":2,"name":"Products","item":"https:\/\/dagabum.pl\/en\/products\/"},{"@type":"ListItem","position":3,"name":"Strap anchor Dagabum Mini (2pcs) without additional accessories."}]},{"@type":"WebSite","@id":"https:\/\/dagabum.pl\/en\/#website","url":"https:\/\/dagabum.pl\/en\/","name":"dagabum","description":"Gara\u017cowa wytw\u00f3rnia toreb rowerowych i akcesori\u00f3w do bikepackingu.","publisher":{"@id":"https:\/\/dagabum.pl\/en\/#organization"},"potentialAction":[{"@type":"SearchAction","target":{"@type":"EntryPoint","urlTemplate":"https:\/\/dagabum.pl\/en\/?s={search_term_string}"},"query-input":{"@type":"PropertyValueSpecification","valueRequired":true,"valueName":"search_term_string"}}],"inLanguage":"en-US"},{"@type":"Organization","@id":"https:\/\/dagabum.pl\/en\/#organization","name":"dagabum - Gara\u017cowa wytw\u00f3rnia toreb rowerowych i akcesori\u00f3w do bikepackingu.","url":"https:\/\/dagabum.pl\/en\/","logo":{"@type":"ImageObject","inLanguage":"en-US","@id":"https:\/\/dagabum.pl\/en\/#\/schema\/logo\/image\/","url":"https:\/\/dagabum.pl\/wp-content\/uploads\/2022\/03\/dagabum_LOGO_JASNE_TLO.png","contentUrl":"https:\/\/dagabum.pl\/wp-content\/uploads\/2022\/03\/dagabum_LOGO_JASNE_TLO.png","width":2480,"height":2480,"caption":"dagabum - Gara\u017cowa wytw\u00f3rnia toreb rowerowych i akcesori\u00f3w do bikepackingu."},"image":{"@id":"https:\/\/dagabum.pl\/en\/#\/schema\/logo\/image\/"},"sameAs":["https:\/\/www.facebook.com\/dagabum","https:\/\/www.instagram.com\/dagabumpl"]}]}},"_links":{"self":[{"href":"https:\/\/dagabum.pl\/en\/wp-json\/wp\/v2\/product\/989","targetHints":{"allow":["GET"]}}],"collection":[{"href":"https:\/\/dagabum.pl\/en\/wp-json\/wp\/v2\/product"}],"about":[{"href":"https:\/\/dagabum.pl\/en\/wp-json\/wp\/v2\/types\/product"}],"wp:featuredmedia":[{"embeddable":true,"href":"https:\/\/dagabum.pl\/en\/wp-json\/wp\/v2\/media\/990"}],"wp:attachment":[{"href":"https:\/\/dagabum.pl\/en\/wp-json\/wp\/v2\/media?parent=989"}],"wp:term":[{"taxonomy":"product_brand","embeddable":true,"href":"https:\/\/dagabum.pl\/en\/wp-json\/wp\/v2\/product_brand?post=989"},{"taxonomy":"product_cat","embeddable":true,"href":"https:\/\/dagabum.pl\/en\/wp-json\/wp\/v2\/product_cat?post=989"},{"taxonomy":"product_tag","embeddable":true,"href":"https:\/\/dagabum.pl\/en\/wp-json\/wp\/v2\/product_tag?post=989"}],"curies":[{"name":"wp","href":"https:\/\/api.w.org\/{rel}","templated":true}]}}