{"id":991,"date":"2022-01-14T17:28:29","date_gmt":"2022-01-14T17:28:29","guid":{"rendered":"https:\/\/dagabum.pl\/produkt\/dagabum-carry-strap-1m\/"},"modified":"2023-07-22T17:05:39","modified_gmt":"2023-07-22T17:05:39","slug":"dagabum-carry-strap-1m","status":"publish","type":"product","link":"https:\/\/dagabum.pl\/en\/product\/dagabum-carry-strap-1m\/","title":{"rendered":"Dagabum carry strap 1m"},"content":{"rendered":"","protected":false},"excerpt":{"rendered":"<p>Carry strap, used to attach luggage weighing up to 15 kg.<\/p>\n<p>Made in Poland<\/p>\n","protected":false},"featured_media":992,"template":"","meta":[],"product_brand":[],"product_cat":[41],"product_tag":[],"class_list":{"0":"post-991","1":"product","2":"type-product","3":"status-publish","4":"has-post-thumbnail","6":"product_cat-cage","8":"first","9":"instock","10":"shipping-taxable","11":"purchasable","12":"product-type-simple"},"yoast_head":"<!-- This site is optimized with the Yoast SEO plugin v27.3 - https:\/\/yoast.com\/product\/yoast-seo-wordpress\/ -->\n<title>Dagabum carry strap 1m - dagabum<\/title>\n<meta name=\"robots\" content=\"index, follow, max-snippet:-1, max-image-preview:large, max-video-preview:-1\" \/>\n<link rel=\"canonical\" href=\"https:\/\/dagabum.pl\/en\/product\/dagabum-carry-strap-1m\/\" \/>\n<meta property=\"og:locale\" content=\"en_US\" \/>\n<meta property=\"og:type\" content=\"article\" \/>\n<meta property=\"og:title\" content=\"Dagabum carry strap 1m - dagabum\" \/>\n<meta property=\"og:description\" content=\"Carry strap, used to attach luggage weighing up to 15 kg.  Made in Poland\" \/>\n<meta property=\"og:url\" content=\"https:\/\/dagabum.pl\/en\/product\/dagabum-carry-strap-1m\/\" \/>\n<meta property=\"og:site_name\" content=\"dagabum\" \/>\n<meta property=\"article:publisher\" content=\"https:\/\/www.facebook.com\/dagabum\" \/>\n<meta property=\"article:modified_time\" content=\"2023-07-22T17:05:39+00:00\" \/>\n<meta property=\"og:image\" content=\"https:\/\/dagabum.pl\/wp-content\/uploads\/2022\/01\/dagabum-pasek_1.jpg\" \/>\n\t<meta property=\"og:image:width\" content=\"630\" \/>\n\t<meta property=\"og:image:height\" content=\"660\" \/>\n\t<meta property=\"og:image:type\" content=\"image\/jpeg\" \/>\n<script type=\"application\/ld+json\" class=\"yoast-schema-graph\">{\"@context\":\"https:\\\/\\\/schema.org\",\"@graph\":[{\"@type\":\"WebPage\",\"@id\":\"https:\\\/\\\/dagabum.pl\\\/en\\\/product\\\/dagabum-carry-strap-1m\\\/\",\"url\":\"https:\\\/\\\/dagabum.pl\\\/en\\\/product\\\/dagabum-carry-strap-1m\\\/\",\"name\":\"Dagabum carry strap 1m - dagabum\",\"isPartOf\":{\"@id\":\"https:\\\/\\\/dagabum.pl\\\/en\\\/#website\"},\"primaryImageOfPage\":{\"@id\":\"https:\\\/\\\/dagabum.pl\\\/en\\\/product\\\/dagabum-carry-strap-1m\\\/#primaryimage\"},\"image\":{\"@id\":\"https:\\\/\\\/dagabum.pl\\\/en\\\/product\\\/dagabum-carry-strap-1m\\\/#primaryimage\"},\"thumbnailUrl\":\"https:\\\/\\\/dagabum.pl\\\/wp-content\\\/uploads\\\/2022\\\/01\\\/dagabum-pasek_1.jpg\",\"datePublished\":\"2022-01-14T17:28:29+00:00\",\"dateModified\":\"2023-07-22T17:05:39+00:00\",\"breadcrumb\":{\"@id\":\"https:\\\/\\\/dagabum.pl\\\/en\\\/product\\\/dagabum-carry-strap-1m\\\/#breadcrumb\"},\"inLanguage\":\"en-US\",\"potentialAction\":[{\"@type\":\"ReadAction\",\"target\":[\"https:\\\/\\\/dagabum.pl\\\/en\\\/product\\\/dagabum-carry-strap-1m\\\/\"]}]},{\"@type\":\"ImageObject\",\"inLanguage\":\"en-US\",\"@id\":\"https:\\\/\\\/dagabum.pl\\\/en\\\/product\\\/dagabum-carry-strap-1m\\\/#primaryimage\",\"url\":\"https:\\\/\\\/dagabum.pl\\\/wp-content\\\/uploads\\\/2022\\\/01\\\/dagabum-pasek_1.jpg\",\"contentUrl\":\"https:\\\/\\\/dagabum.pl\\\/wp-content\\\/uploads\\\/2022\\\/01\\\/dagabum-pasek_1.jpg\",\"width\":630,\"height\":660},{\"@type\":\"BreadcrumbList\",\"@id\":\"https:\\\/\\\/dagabum.pl\\\/en\\\/product\\\/dagabum-carry-strap-1m\\\/#breadcrumb\",\"itemListElement\":[{\"@type\":\"ListItem\",\"position\":1,\"name\":\"Strona g\u0142\u00f3wna\",\"item\":\"https:\\\/\\\/dagabum.pl\\\/en\\\/\"},{\"@type\":\"ListItem\",\"position\":2,\"name\":\"Products\",\"item\":\"https:\\\/\\\/dagabum.pl\\\/en\\\/products\\\/\"},{\"@type\":\"ListItem\",\"position\":3,\"name\":\"Dagabum carry strap 1m\"}]},{\"@type\":\"WebSite\",\"@id\":\"https:\\\/\\\/dagabum.pl\\\/en\\\/#website\",\"url\":\"https:\\\/\\\/dagabum.pl\\\/en\\\/\",\"name\":\"dagabum\",\"description\":\"Gara\u017cowa wytw\u00f3rnia toreb rowerowych i akcesori\u00f3w do bikepackingu.\",\"publisher\":{\"@id\":\"https:\\\/\\\/dagabum.pl\\\/en\\\/#organization\"},\"potentialAction\":[{\"@type\":\"SearchAction\",\"target\":{\"@type\":\"EntryPoint\",\"urlTemplate\":\"https:\\\/\\\/dagabum.pl\\\/en\\\/?s={search_term_string}\"},\"query-input\":{\"@type\":\"PropertyValueSpecification\",\"valueRequired\":true,\"valueName\":\"search_term_string\"}}],\"inLanguage\":\"en-US\"},{\"@type\":\"Organization\",\"@id\":\"https:\\\/\\\/dagabum.pl\\\/en\\\/#organization\",\"name\":\"dagabum - Gara\u017cowa wytw\u00f3rnia toreb rowerowych i akcesori\u00f3w do bikepackingu.\",\"url\":\"https:\\\/\\\/dagabum.pl\\\/en\\\/\",\"logo\":{\"@type\":\"ImageObject\",\"inLanguage\":\"en-US\",\"@id\":\"https:\\\/\\\/dagabum.pl\\\/en\\\/#\\\/schema\\\/logo\\\/image\\\/\",\"url\":\"https:\\\/\\\/dagabum.pl\\\/wp-content\\\/uploads\\\/2022\\\/03\\\/dagabum_LOGO_JASNE_TLO.png\",\"contentUrl\":\"https:\\\/\\\/dagabum.pl\\\/wp-content\\\/uploads\\\/2022\\\/03\\\/dagabum_LOGO_JASNE_TLO.png\",\"width\":2480,\"height\":2480,\"caption\":\"dagabum - Gara\u017cowa wytw\u00f3rnia toreb rowerowych i akcesori\u00f3w do bikepackingu.\"},\"image\":{\"@id\":\"https:\\\/\\\/dagabum.pl\\\/en\\\/#\\\/schema\\\/logo\\\/image\\\/\"},\"sameAs\":[\"https:\\\/\\\/www.facebook.com\\\/dagabum\",\"https:\\\/\\\/www.instagram.com\\\/dagabumpl\"]}]}<\/script>\n<!-- \/ Yoast SEO plugin. -->","yoast_head_json":{"title":"Dagabum carry strap 1m - dagabum","robots":{"index":"index","follow":"follow","max-snippet":"max-snippet:-1","max-image-preview":"max-image-preview:large","max-video-preview":"max-video-preview:-1"},"canonical":"https:\/\/dagabum.pl\/en\/product\/dagabum-carry-strap-1m\/","og_locale":"en_US","og_type":"article","og_title":"Dagabum carry strap 1m - dagabum","og_description":"Carry strap, used to attach luggage weighing up to 15 kg.  Made in Poland","og_url":"https:\/\/dagabum.pl\/en\/product\/dagabum-carry-strap-1m\/","og_site_name":"dagabum","article_publisher":"https:\/\/www.facebook.com\/dagabum","article_modified_time":"2023-07-22T17:05:39+00:00","og_image":[{"width":630,"height":660,"url":"https:\/\/dagabum.pl\/wp-content\/uploads\/2022\/01\/dagabum-pasek_1.jpg","type":"image\/jpeg"}],"schema":{"@context":"https:\/\/schema.org","@graph":[{"@type":"WebPage","@id":"https:\/\/dagabum.pl\/en\/product\/dagabum-carry-strap-1m\/","url":"https:\/\/dagabum.pl\/en\/product\/dagabum-carry-strap-1m\/","name":"Dagabum carry strap 1m - dagabum","isPartOf":{"@id":"https:\/\/dagabum.pl\/en\/#website"},"primaryImageOfPage":{"@id":"https:\/\/dagabum.pl\/en\/product\/dagabum-carry-strap-1m\/#primaryimage"},"image":{"@id":"https:\/\/dagabum.pl\/en\/product\/dagabum-carry-strap-1m\/#primaryimage"},"thumbnailUrl":"https:\/\/dagabum.pl\/wp-content\/uploads\/2022\/01\/dagabum-pasek_1.jpg","datePublished":"2022-01-14T17:28:29+00:00","dateModified":"2023-07-22T17:05:39+00:00","breadcrumb":{"@id":"https:\/\/dagabum.pl\/en\/product\/dagabum-carry-strap-1m\/#breadcrumb"},"inLanguage":"en-US","potentialAction":[{"@type":"ReadAction","target":["https:\/\/dagabum.pl\/en\/product\/dagabum-carry-strap-1m\/"]}]},{"@type":"ImageObject","inLanguage":"en-US","@id":"https:\/\/dagabum.pl\/en\/product\/dagabum-carry-strap-1m\/#primaryimage","url":"https:\/\/dagabum.pl\/wp-content\/uploads\/2022\/01\/dagabum-pasek_1.jpg","contentUrl":"https:\/\/dagabum.pl\/wp-content\/uploads\/2022\/01\/dagabum-pasek_1.jpg","width":630,"height":660},{"@type":"BreadcrumbList","@id":"https:\/\/dagabum.pl\/en\/product\/dagabum-carry-strap-1m\/#breadcrumb","itemListElement":[{"@type":"ListItem","position":1,"name":"Strona g\u0142\u00f3wna","item":"https:\/\/dagabum.pl\/en\/"},{"@type":"ListItem","position":2,"name":"Products","item":"https:\/\/dagabum.pl\/en\/products\/"},{"@type":"ListItem","position":3,"name":"Dagabum carry strap 1m"}]},{"@type":"WebSite","@id":"https:\/\/dagabum.pl\/en\/#website","url":"https:\/\/dagabum.pl\/en\/","name":"dagabum","description":"Gara\u017cowa wytw\u00f3rnia toreb rowerowych i akcesori\u00f3w do bikepackingu.","publisher":{"@id":"https:\/\/dagabum.pl\/en\/#organization"},"potentialAction":[{"@type":"SearchAction","target":{"@type":"EntryPoint","urlTemplate":"https:\/\/dagabum.pl\/en\/?s={search_term_string}"},"query-input":{"@type":"PropertyValueSpecification","valueRequired":true,"valueName":"search_term_string"}}],"inLanguage":"en-US"},{"@type":"Organization","@id":"https:\/\/dagabum.pl\/en\/#organization","name":"dagabum - Gara\u017cowa wytw\u00f3rnia toreb rowerowych i akcesori\u00f3w do bikepackingu.","url":"https:\/\/dagabum.pl\/en\/","logo":{"@type":"ImageObject","inLanguage":"en-US","@id":"https:\/\/dagabum.pl\/en\/#\/schema\/logo\/image\/","url":"https:\/\/dagabum.pl\/wp-content\/uploads\/2022\/03\/dagabum_LOGO_JASNE_TLO.png","contentUrl":"https:\/\/dagabum.pl\/wp-content\/uploads\/2022\/03\/dagabum_LOGO_JASNE_TLO.png","width":2480,"height":2480,"caption":"dagabum - Gara\u017cowa wytw\u00f3rnia toreb rowerowych i akcesori\u00f3w do bikepackingu."},"image":{"@id":"https:\/\/dagabum.pl\/en\/#\/schema\/logo\/image\/"},"sameAs":["https:\/\/www.facebook.com\/dagabum","https:\/\/www.instagram.com\/dagabumpl"]}]}},"_links":{"self":[{"href":"https:\/\/dagabum.pl\/en\/wp-json\/wp\/v2\/product\/991","targetHints":{"allow":["GET"]}}],"collection":[{"href":"https:\/\/dagabum.pl\/en\/wp-json\/wp\/v2\/product"}],"about":[{"href":"https:\/\/dagabum.pl\/en\/wp-json\/wp\/v2\/types\/product"}],"wp:featuredmedia":[{"embeddable":true,"href":"https:\/\/dagabum.pl\/en\/wp-json\/wp\/v2\/media\/992"}],"wp:attachment":[{"href":"https:\/\/dagabum.pl\/en\/wp-json\/wp\/v2\/media?parent=991"}],"wp:term":[{"taxonomy":"product_brand","embeddable":true,"href":"https:\/\/dagabum.pl\/en\/wp-json\/wp\/v2\/product_brand?post=991"},{"taxonomy":"product_cat","embeddable":true,"href":"https:\/\/dagabum.pl\/en\/wp-json\/wp\/v2\/product_cat?post=991"},{"taxonomy":"product_tag","embeddable":true,"href":"https:\/\/dagabum.pl\/en\/wp-json\/wp\/v2\/product_tag?post=991"}],"curies":[{"name":"wp","href":"https:\/\/api.w.org\/{rel}","templated":true}]}}